{"id":92,"date":"2020-08-20T09:33:12","date_gmt":"2020-08-20T07:33:12","guid":{"rendered":"http:\/\/aecsi.eu\/?page_id=92"},"modified":"2021-06-20T20:05:23","modified_gmt":"2021-06-20T18:05:23","slug":"evenements-passes","status":"publish","type":"page","link":"https:\/\/aecsi.eu\/index.php\/evenements-passes\/","title":{"rendered":"\u00c9V\u00c8NEMENTS PASS\u00c9S"},"content":{"rendered":"\n<h2>LES MARDIS DES 101 LIVRES DE LA CHAIRE DE L\u2019IMA<\/h2>\n\n\n\n<p>Le po\u00e8te et critique litt\u00e9raire syrien Ali AHMED SA\u00cfD (ADONIS) par le docteur Ahmed DELLABANI<\/p>\n\n\n\n<div class=\"wp-block-image\"><figure class=\"aligncenter size-large\"><img src=\"https:\/\/aecsi.eu\/wp-content\/uploads\/2020\/10\/4.-Adonis.png\" alt=\"\"\/><\/figure><\/div>\n\n\n\n<h3>LES MARDIS DES 101 LIVRES DE LA CHAIRE DE L\u2019IMA<\/h3>\n\n\n\n<p>Le po\u00e8te palestinien Mahmoud DARWUICH par le professeur Kadhim JIHAD<\/p>\n\n\n\n<div class=\"wp-block-image\"><figure class=\"aligncenter size-large is-resized\"><img loading=\"lazy\" src=\"https:\/\/aecsi.eu\/wp-content\/uploads\/2020\/10\/2.-Darouich.png\" alt=\"\" class=\"wp-image-632\" width=\"562\" height=\"797\" srcset=\"https:\/\/aecsi.eu\/wp-content\/uploads\/2020\/10\/2.-Darouich.png 480w, https:\/\/aecsi.eu\/wp-content\/uploads\/2020\/10\/2.-Darouich-211x300.png 211w\" sizes=\"(max-width: 562px) 100vw, 562px\" \/><\/figure><\/div>\n\n\n\n<h3>LES MARDIS DES 101 LIVRES DE LA CHAIRE DE L\u2019IMA<\/h3>\n\n\n\n<p>Le penseur marocain Abdellah LAROUI par le professeur Abdelmajid KADDOURI<\/p>\n\n\n\n<div class=\"wp-block-image\"><figure class=\"aligncenter size-large is-resized\"><img loading=\"lazy\" src=\"https:\/\/aecsi.eu\/wp-content\/uploads\/2020\/10\/1.-Laroui-2.png\" alt=\"\" class=\"wp-image-633\" width=\"564\" height=\"799\" srcset=\"https:\/\/aecsi.eu\/wp-content\/uploads\/2020\/10\/1.-Laroui-2.png 483w, https:\/\/aecsi.eu\/wp-content\/uploads\/2020\/10\/1.-Laroui-2-212x300.png 212w\" sizes=\"(max-width: 564px) 100vw, 564px\" \/><\/figure><\/div>\n\n\n\n<h5 class=\"has-text-align-center\"><\/h5>\n\n\n\n<p><\/p>\n","protected":false},"excerpt":{"rendered":"<p>LES MARDIS DES 101 LIVRES DE LA CHAIRE DE L\u2019IMA Le po\u00e8te et critique litt\u00e9raire syrien Ali AHMED SA\u00cfD (ADONIS) par le docteur Ahmed DELLABANI LES MARDIS DES 101 LIVRES DE LA CHAIRE DE L\u2019IMA Le po\u00e8te palestinien Mahmoud DARWUICH par le professeur Kadhim JIHAD LES MARDIS DES 101 LIVRES DE LA CHAIRE DE L\u2019IMA [&hellip;]<\/p>\n","protected":false},"author":1,"featured_media":0,"parent":0,"menu_order":0,"comment_status":"closed","ping_status":"closed","template":"","meta":[],"_links":{"self":[{"href":"https:\/\/aecsi.eu\/index.php\/wp-json\/wp\/v2\/pages\/92"}],"collection":[{"href":"https:\/\/aecsi.eu\/index.php\/wp-json\/wp\/v2\/pages"}],"about":[{"href":"https:\/\/aecsi.eu\/index.php\/wp-json\/wp\/v2\/types\/page"}],"author":[{"embeddable":true,"href":"https:\/\/aecsi.eu\/index.php\/wp-json\/wp\/v2\/users\/1"}],"replies":[{"embeddable":true,"href":"https:\/\/aecsi.eu\/index.php\/wp-json\/wp\/v2\/comments?post=92"}],"version-history":[{"count":10,"href":"https:\/\/aecsi.eu\/index.php\/wp-json\/wp\/v2\/pages\/92\/revisions"}],"predecessor-version":[{"id":1094,"href":"https:\/\/aecsi.eu\/index.php\/wp-json\/wp\/v2\/pages\/92\/revisions\/1094"}],"wp:attachment":[{"href":"https:\/\/aecsi.eu\/index.php\/wp-json\/wp\/v2\/media?parent=92"}],"curies":[{"name":"wp","href":"https:\/\/api.w.org\/{rel}","templated":true}]}}