{"id":29,"date":"2020-08-19T13:54:21","date_gmt":"2020-08-19T11:54:21","guid":{"rendered":"http:\/\/aecsi.eu\/?page_id=29"},"modified":"2021-06-20T10:52:41","modified_gmt":"2021-06-20T08:52:41","slug":"mecenat-partenariat","status":"publish","type":"page","link":"https:\/\/aecsi.eu\/index.php\/mecenat-partenariat\/","title":{"rendered":"M\u00c9C\u00c9NAT\/PARTENARIAT"},"content":{"rendered":"\t\t<div data-elementor-type=\"wp-page\" data-elementor-id=\"29\" class=\"elementor elementor-29\" data-elementor-settings=\"[]\">\n\t\t\t\t\t\t<div class=\"elementor-inner\">\n\t\t\t\t\t\t\t<div class=\"elementor-section-wrap\">\n\t\t\t\t\t\t\t<section class=\"elementor-section elementor-top-section elementor-element elementor-element-178449b5 elementor-section-boxed elementor-section-height-default elementor-section-height-default\" data-id=\"178449b5\" data-element_type=\"section\">\n\t\t\t\t\t\t<div class=\"elementor-container elementor-column-gap-default\">\n\t\t\t\t\t\t\t<div class=\"elementor-row\">\n\t\t\t\t\t<div class=\"elementor-column elementor-col-100 elementor-top-column elementor-element elementor-element-444a9b3e\" data-id=\"444a9b3e\" data-element_type=\"column\">\n\t\t\t<div class=\"elementor-column-wrap elementor-element-populated\">\n\t\t\t\t\t\t\t<div class=\"elementor-widget-wrap\">\n\t\t\t\t\t\t<div class=\"elementor-element elementor-element-73601b11 elementor-widget elementor-widget-text-editor\" data-id=\"73601b11\" data-element_type=\"widget\" data-widget_type=\"text-editor.default\">\n\t\t\t\t<div class=\"elementor-widget-container\">\n\t\t\t\t\t<div class=\"elementor-text-editor elementor-clearfix\"><!-- wp:paragraph -->\n<p><strong>Le r\u00f4le du m\u00e9c\u00e9nat<\/strong><\/p>\n<!-- \/wp:paragraph --><!-- wp:paragraph -->\n<p>Les actions de <strong>l\u2019AECSI <\/strong>sont en partie financ\u00e9es par les cotisations de ses membres et par des subventions publiques (Europe, collectivit\u00e9s territoriales) mais \u00e9galement par les dons de m\u00e9c\u00e8nes, particuliers, fondations, entreprises qui souhaitent participer \u00e0 son d\u00e9veloppement en lui donnant les moyens de r\u00e9aliser ses objectifs.<\/p>\n<!-- \/wp:paragraph --><!-- wp:paragraph -->\n<p>Nous avons donc besoin de votre soutien pour continuer \u00e0 \u0153uvrer au renforcement des liens culturels et scientifiques qui animent nos soci\u00e9t\u00e9s plurielles.<\/p>\n<!-- \/wp:paragraph --><!-- wp:paragraph -->\n<p><strong>Pourquoi devenir m\u00e9c\u00e8ne ?<\/strong><\/p>\n<!-- \/wp:paragraph --><!-- wp:paragraph -->\n<p>Organisation Non Gouvernementale \u00e0 but non-lucratif, <strong>l\u2019AECSI<\/strong> vous permet de vous impliquer dans des projets culturels et scientifiques d\u2019envergure en b\u00e9n\u00e9ficiant des avantages fiscaux d\u00e9finis par la loi du 1er ao\u00fbt 2003 relative au m\u00e9c\u00e9nat, aux associations et aux fondations : votre soutien est un engagement qui contribue \u00e0 \u00e9clairer et \u00e0 ouvrir des perspectives d\u2019acc\u00e8s \u00e0 la connaissance et \u00e0 la compr\u00e9hension de ces univers eclectiques.<\/p>\n<!-- \/wp:paragraph --><!-- wp:paragraph -->\n<p><strong>Comment devenir m\u00e9c\u00e8ne ?<\/strong><\/p>\n<!-- \/wp:paragraph --><!-- wp:paragraph -->\n<p>Vous pouvez choisir le type de m\u00e9c\u00e9nat qui r\u00e9pond le mieux \u00e0 votre engagement \u00e0 nos c\u00f4t\u00e9s :<\/p>\n<!-- \/wp:paragraph --><!-- wp:list -->\n<ul>\n<li>partenariat financier\/don : vous soutenez <strong>l\u2019AECSI <\/strong>sous forme d\u2019apports en num\u00e9raire\u00a0;<\/li>\n<li>m\u00e9c\u00e9nat de comp\u00e9tences : vous mettez \u00e0 notre disposition les comp\u00e9tences de votre entreprise (exemples : communication, pr\u00eats de lieux pour nos manifestations, appuis technique et logistique) ;<\/li>\n<li>promotion de nos activit\u00e9s : vous nous offrez une visibilit\u00e9 sur vos supports : presse, TV, radio, affichage, site internet, publications ;<\/li>\n<\/ul>\n<!-- \/wp:list --><!-- wp:paragraph -->\n<p><strong>Sponsoring, partenariat<\/strong><\/p>\n<!-- \/wp:paragraph --><!-- wp:list -->\n<ul>\n<li>partenariat \u00e9v\u00e9nementiel : il vous permet de participer \u00e0 nos \u00e9v\u00e9nements en vous associant, \u00e0 part \u00e9gale, avec <strong>l\u2019AECSI<\/strong>.<\/li>\n<\/ul>\n<!-- \/wp:list --><!-- wp:paragraph -->\n<p>Devenir notre partenaire, c\u2019est promouvoir les id\u00e9aux de l\u2019AECSI que sont la culture et le savoir qui oeuvrent \u00e0 faire progresser nos soci\u00e9t\u00e9s modernes et inclusives.<\/p>\n<!-- \/wp:paragraph --><\/div>\n\t\t\t\t<\/div>\n\t\t\t\t<\/div>\n\t\t\t\t\t\t<\/div>\n\t\t\t\t\t<\/div>\n\t\t<\/div>\n\t\t\t\t\t\t\t\t<\/div>\n\t\t\t\t\t<\/div>\n\t\t<\/section>\n\t\t\t\t\t\t<\/div>\n\t\t\t\t\t\t<\/div>\n\t\t\t\t\t<\/div>\n\t\t","protected":false},"excerpt":{"rendered":"<p>Le r\u00f4le du m\u00e9c\u00e9nat Les actions de l\u2019AECSI sont en partie financ\u00e9es par les cotisations de ses membres et par des subventions publiques (Europe, collectivit\u00e9s territoriales) mais \u00e9galement par les dons de m\u00e9c\u00e8nes, particuliers, fondations, entreprises qui souhaitent participer \u00e0 son d\u00e9veloppement en lui donnant les moyens de r\u00e9aliser ses objectifs. Nous avons donc besoin [&hellip;]<\/p>\n","protected":false},"author":1,"featured_media":0,"parent":0,"menu_order":0,"comment_status":"closed","ping_status":"closed","template":"","meta":[],"_links":{"self":[{"href":"https:\/\/aecsi.eu\/index.php\/wp-json\/wp\/v2\/pages\/29"}],"collection":[{"href":"https:\/\/aecsi.eu\/index.php\/wp-json\/wp\/v2\/pages"}],"about":[{"href":"https:\/\/aecsi.eu\/index.php\/wp-json\/wp\/v2\/types\/page"}],"author":[{"embeddable":true,"href":"https:\/\/aecsi.eu\/index.php\/wp-json\/wp\/v2\/users\/1"}],"replies":[{"embeddable":true,"href":"https:\/\/aecsi.eu\/index.php\/wp-json\/wp\/v2\/comments?post=29"}],"version-history":[{"count":8,"href":"https:\/\/aecsi.eu\/index.php\/wp-json\/wp\/v2\/pages\/29\/revisions"}],"predecessor-version":[{"id":1015,"href":"https:\/\/aecsi.eu\/index.php\/wp-json\/wp\/v2\/pages\/29\/revisions\/1015"}],"wp:attachment":[{"href":"https:\/\/aecsi.eu\/index.php\/wp-json\/wp\/v2\/media?parent=29"}],"curies":[{"name":"wp","href":"https:\/\/api.w.org\/{rel}","templated":true}]}}