{"id":23,"date":"2020-08-19T13:51:18","date_gmt":"2020-08-19T11:51:18","guid":{"rendered":"http:\/\/aecsi.eu\/?page_id=23"},"modified":"2021-06-19T12:20:42","modified_gmt":"2021-06-19T10:20:42","slug":"laecsi","status":"publish","type":"page","link":"https:\/\/aecsi.eu\/index.php\/laecsi\/","title":{"rendered":"L&#8217;AECSI"},"content":{"rendered":"\t\t<div data-elementor-type=\"wp-page\" data-elementor-id=\"23\" class=\"elementor elementor-23\" data-elementor-settings=\"[]\">\n\t\t\t\t\t\t<div class=\"elementor-inner\">\n\t\t\t\t\t\t\t<div class=\"elementor-section-wrap\">\n\t\t\t\t\t\t\t<section class=\"elementor-section elementor-top-section elementor-element elementor-element-5a0a096e elementor-section-boxed elementor-section-height-default elementor-section-height-default\" data-id=\"5a0a096e\" data-element_type=\"section\">\n\t\t\t\t\t\t<div class=\"elementor-container elementor-column-gap-default\">\n\t\t\t\t\t\t\t<div class=\"elementor-row\">\n\t\t\t\t\t<div class=\"elementor-column elementor-col-100 elementor-top-column elementor-element elementor-element-1c8fd9bf\" data-id=\"1c8fd9bf\" data-element_type=\"column\">\n\t\t\t<div class=\"elementor-column-wrap elementor-element-populated\">\n\t\t\t\t\t\t\t<div class=\"elementor-widget-wrap\">\n\t\t\t\t\t\t<div class=\"elementor-element elementor-element-71fc6b9f elementor-widget elementor-widget-text-editor\" data-id=\"71fc6b9f\" data-element_type=\"widget\" data-widget_type=\"text-editor.default\">\n\t\t\t\t<div class=\"elementor-widget-container\">\n\t\t\t\t\t<div class=\"elementor-text-editor elementor-clearfix\"><p><!-- wp:image {\"id\":11,\"align\":\"center\",\"width\":280,\"height\":218} --><\/p>\n<div class=\"wp-block-image\">\n<p>Le champ des cultures et des savoirs islamiques fait l\u2019objet de nombreux travaux de recherche \u00a0mais souffre, en m\u00eame temps, d\u2019un r\u00e9el d\u00e9ficit de connaissance qui laisse, parfois, une voix pr\u00e9pond\u00e9rante aux jeux des st\u00e9r\u00e9otypes et des pr\u00e9jug\u00e9s.<\/p>\n<figure class=\"aligncenter is-resized\">\n<p>L\u2019ACAD\u00c9MIE EUROP\u00c9ENNE DES CULTURES ET DES SAVOIRS ISLAMIQUES <strong>\u2013 L\u2019AECSI<\/strong> \u2013 de par son caract\u00e8re ind\u00e9pendant, apolitique et areligieux se propose de donner \u00e0 voir le foisonnement et la diversit\u00e9 des travaux men\u00e9s par des \u00e9quipes de chercheurs et de \u00a0scientifiques souvent peu visibles aux grands nombres, et de rendre accessibles ces connaissances, ces pratiques \u00e0 celles et ceux qui aspirent \u00e0 une meilleure compr\u00e9hension des mondes islamiques.<\/p>\n<p><strong>L\u2019AECSI<\/strong> se veut donc un espace de production, d\u2019organisation et de diffusion des cultures et des savoirs islamiques \u00e0 travers des actions aussi vari\u00e9es que la production de livres collectifs, l\u2019organisation et la diffusion d\u2019\u00e9v\u00e8nements (conf\u00e9rences, colloques, s\u00e9minaires, remises de prix\u2026), notamment dans le cadre de partenariat. \u00a0<\/p>\n<p><strong>Objectifs<\/strong><\/p>\n<p><strong>L\u2019AECSI<\/strong> vise, ainsi, \u00e0 promouvoir le partage des connaissances, de part et d\u2019autre de la m\u00e9diterran\u00e9e et bien au-del\u00e0, le tout sur la base d\u2019une approche scientifique et acad\u00e9mique, pluridisciplinaire et de fertilisation crois\u00e9e entre les mondes islamiques et les mondes dans lesquels et avec lesquels ils \u00e9voluent.<\/p>\n<p><strong>Moyens d\u2019action<\/strong><\/p>\n<ul>\n<li>Production de livres collectifs ;<\/li>\n<li>Organisation et diffusion d\u2019\u00e9v\u00e8nements.<\/li>\n<\/ul>\n<p><strong>Nos atouts<\/strong><\/p>\n<ul>\n<li>Nos r\u00e9seaux constitu\u00e9s d\u2019universitaires et d\u2019intellectuels issus du monde universitaire, \u00e9conomique, politique et de la soci\u00e9t\u00e9 civile.<\/li>\n<li>Une \u00e9quipe solide, motiv\u00e9e et soucieuse d\u2019\u0153uvrer \u00e0 la r\u00e9alisation des objectifs de L\u2019AECSI.<\/li>\n<\/ul>\n<\/figure>\n<\/div>\n<p><!-- \/wp:paragraph --><\/p><\/div>\n\t\t\t\t<\/div>\n\t\t\t\t<\/div>\n\t\t\t\t\t\t<\/div>\n\t\t\t\t\t<\/div>\n\t\t<\/div>\n\t\t\t\t\t\t\t\t<\/div>\n\t\t\t\t\t<\/div>\n\t\t<\/section>\n\t\t\t\t\t\t<\/div>\n\t\t\t\t\t\t<\/div>\n\t\t\t\t\t<\/div>\n\t\t","protected":false},"excerpt":{"rendered":"","protected":false},"author":1,"featured_media":0,"parent":0,"menu_order":0,"comment_status":"closed","ping_status":"closed","template":"","meta":[],"_links":{"self":[{"href":"https:\/\/aecsi.eu\/index.php\/wp-json\/wp\/v2\/pages\/23"}],"collection":[{"href":"https:\/\/aecsi.eu\/index.php\/wp-json\/wp\/v2\/pages"}],"about":[{"href":"https:\/\/aecsi.eu\/index.php\/wp-json\/wp\/v2\/types\/page"}],"author":[{"embeddable":true,"href":"https:\/\/aecsi.eu\/index.php\/wp-json\/wp\/v2\/users\/1"}],"replies":[{"embeddable":true,"href":"https:\/\/aecsi.eu\/index.php\/wp-json\/wp\/v2\/comments?post=23"}],"version-history":[{"count":32,"href":"https:\/\/aecsi.eu\/index.php\/wp-json\/wp\/v2\/pages\/23\/revisions"}],"predecessor-version":[{"id":832,"href":"https:\/\/aecsi.eu\/index.php\/wp-json\/wp\/v2\/pages\/23\/revisions\/832"}],"wp:attachment":[{"href":"https:\/\/aecsi.eu\/index.php\/wp-json\/wp\/v2\/media?parent=23"}],"curies":[{"name":"wp","href":"https:\/\/api.w.org\/{rel}","templated":true}]}}